{"id":74,"date":"2023-09-02T16:47:44","date_gmt":"2023-09-02T16:47:44","guid":{"rendered":"https:\/\/www.hairclinicbelgium.be\/?page_id=74"},"modified":"2023-09-30T08:57:58","modified_gmt":"2023-09-30T08:57:58","slug":"hair-transplant","status":"publish","type":"page","link":"https:\/\/www.hairclinicbelgium.be\/fr\/hair-transplant\/","title":{"rendered":"Hair Transplant"},"content":{"rendered":"<div id=\"page-header-290851339\" class=\"page-header-wrapper\">\n  <div class=\"page-title dark featured-title\">\n\n        <div class=\"page-title-bg\">\n      <div class=\"title-bg fill bg-fill\"\n        data-parallax-container=\".page-title\"\n        data-parallax-background\n        data-parallax=\"-\">\n      <\/div>\n      <div class=\"title-overlay fill\"><\/div>\n    <\/div>\n    \n    <div class=\"page-title-inner container align-center text-center flex-row-col medium-flex-wrap\" >\n              <div class=\"title-wrapper flex-col\">\n          <h1 class=\"entry-title mb-0\">\n            GREFFE DE CHEVEUX          <\/h1>\n        <\/div>\n                    <div class=\"title-content flex-col\">\n        <div class=\"title-breadcrumbs pb-half pt-half\"><\/div>      <\/div>\n    <\/div>\n\n     \n<style>\n#page-header-290851339 .page-title-inner {\n  min-height: 350px;\n}\n#page-header-290851339 .title-bg {\n  background-image: url(https:\/\/www.hairclinicbelgium.be\/wp-content\/uploads\/2023\/09\/hair-transplate-man-belgium.jpg);\n}\n<\/style>\n  <\/div>\n    <\/div>\n  \r\n\r\n<div class=\"row align-center\"  id=\"row-476115372\">\r\n\r\n\n\t<div id=\"col-875571250\" class=\"col medium-6 small-12 large-6\"  >\n\t\t\t\t<div class=\"col-inner\"  >\n\t\t\t\n\t\t\t\r\n\r\n<h2><span style=\"color: #252525;\">Qu\u2019est-ce que la greffe de cheveux?<\/span><\/h2>\r\n<div><span style=\"color: #252525;\">La greffe de cheveux est une proc\u00e9dure dans laquelle un chirurgien plasticien ou dermatologique transplante des cheveux sur la zone chauve de la t\u00eate. Le chirurgien d\u00e9place g\u00e9n\u00e9ralement les cheveux de l\u2019arri\u00e8re ou du c\u00f4t\u00e9 de la t\u00eate vers l\u2019avant ou le haut de la t\u00eate. La greffe de cheveux est g\u00e9n\u00e9ralement r\u00e9alis\u00e9e dans un cabinet m\u00e9dical sous anesth\u00e9sie locale.<\/span><\/div>\r\n<div>\u00a0<\/div>\r\n<div><span style=\"color: #252525;\">La calvitie est responsable de la majeure partie de la perte de cheveux. Cela d\u00e9pend de la g\u00e9n\u00e9tique. Les autres cas sont dus \u00e0 divers facteurs, notamment\u00a0:<\/span><\/div>\r\n<div>\u00a0<\/div>\r\n<div><span style=\"color: #252525;\">R\u00e9gime<\/span><\/div>\r\n<div><span style=\"color: #252525;\">Stresser<\/span><\/div>\r\n<div><span style=\"color: #252525;\">Maladie<\/span><\/div>\r\n<div><span style=\"color: #252525;\">D\u00e9s\u00e9quilibre hormonal<\/span><\/div>\r\n<div><span style=\"color: #252525;\">M\u00e9dicaments<\/span><\/div>\r\n\r\n\t\t<\/div>\n\t\t\t\t\t<\/div>\n\n\t\r\n\n\t<div id=\"col-564776817\" class=\"col medium-6 small-12 large-6\"  >\n\t\t\t\t<div class=\"col-inner\"  >\n\t\t\t\n\t\t\t\r\n\r\n\t<div class=\"img has-hover x md-x lg-x y md-y lg-y\" id=\"image_1210543011\">\n\t\t\t\t\t\t\t\t<div class=\"img-inner dark\" >\n\t\t\t<img loading=\"lazy\" decoding=\"async\" width=\"800\" height=\"600\" src=\"https:\/\/www.hairclinicbelgium.be\/wp-content\/uploads\/2023\/09\/hair-trans-belgium.jpg\" class=\"attachment-original size-original\" alt=\"\" srcset=\"https:\/\/www.hairclinicbelgium.be\/wp-content\/uploads\/2023\/09\/hair-trans-belgium.jpg 800w, https:\/\/www.hairclinicbelgium.be\/wp-content\/uploads\/2023\/09\/hair-trans-belgium-300x225.jpg 300w, https:\/\/www.hairclinicbelgium.be\/wp-content\/uploads\/2023\/09\/hair-trans-belgium-768x576.jpg 768w\" sizes=\"auto, (max-width: 800px) 100vw, 800px\" \/>\t\t\t\t\t\t\n\t\t\t\t\t<\/div>\n\t\t\t\t\t\t\t\t\n<style>\n#image_1210543011 {\n  width: 100%;\n}\n<\/style>\n\t<\/div>\n\t\r\n\r\n\r\n\t\t<\/div>\n\t\t\t\t\t<\/div>\n\n\t\r\n\n\t<div id=\"col-1640855294\" class=\"col small-12 large-12\"  >\n\t\t\t\t<div class=\"col-inner\"  >\n\t\t\t\n\t\t\t\r\n\r\n<h2><span style=\"color: #252525;\">Qui peut b\u00e9n\u00e9ficier d\u2019une greffe de cheveux?<\/span><\/h2>\r\n<div><span style=\"color: #252525;\">Avoir une greffe de cheveux peut am\u00e9liorer votre apparence et votre confiance en vous. Les bons candidats \u00e0 la greffe de cheveux sont :<\/span><\/div>\r\n<div>\u00a0<\/div>\r\n<div><span style=\"color: #252525;\">hommes chauves<\/span><\/div>\r\n<div><span style=\"color: #252525;\">Femmes aux cheveux clairsem\u00e9s<\/span><\/div>\r\n<div><span style=\"color: #252525;\">Toute personne ayant perdu une partie de ses cheveux \u00e0 la suite d\u2019une br\u00fblure ou d\u2019une blessure au cuir chevelu<\/span><\/div>\r\n<div><span style=\"color: #252525;\">Les personnes pr\u00e9sentant les conditions suivantes ne conviennent pas \u00e0 la greffe de cheveux:<\/span><\/div>\r\n<div>\u00a0<\/div>\r\n<div><span style=\"color: #252525;\">Les personnes qui ne disposent pas de suffisamment de zone capillaire \u00ab donneuse \u00bb sur laquelle des cheveux peuvent \u00eatre pr\u00e9lev\u00e9s pour une transplantation<\/span><\/div>\r\n<div><span style=\"color: #252525;\">Les personnes qui subissent une perte de cheveux \u00e0 cause de m\u00e9dicaments tels que la chimioth\u00e9rapie<\/span><\/div>\r\n<div><span style=\"color: #252525;\">Les personnes qui d\u00e9veloppent des cicatrices ch\u00e9lo\u00efdes (cicatrices \u00e9paisses et fibreuses) apr\u00e8s une blessure ou une intervention chirurgicale<\/span><\/div>\r\n<div><span style=\"color: #252525;\">Complications de la greffe de cheveux<\/span><\/div>\r\n<div><span style=\"color: #252525;\">Les effets secondaires de la greffe de cheveux sont g\u00e9n\u00e9ralement mineurs et disparaissent en quelques semaines. Vous trouverez ci-dessous quelques complications li\u00e9es \u00e0 la greffe de cheveux\u00a0:<\/span><\/div>\r\n<div>\u00a0<\/div>\r\n<div><span style=\"color: #252525;\">Saignement<\/span><\/div>\r\n<div><span style=\"color: #252525;\">Infection<\/span><\/div>\r\n<div><span style=\"color: #252525;\">gonflement du cuir chevelu<\/span><\/div>\r\n<div><span style=\"color: #252525;\">Des ecchymoses autour des yeux<\/span><\/div>\r\n<div><span style=\"color: #252525;\">Gale se formant sur les zones du cuir chevelu o\u00f9 les cheveux ont \u00e9t\u00e9 enlev\u00e9s ou transplant\u00e9s<\/span><\/div>\r\n<div><span style=\"color: #252525;\">Engourdissement et perte de sensation dans les zones trait\u00e9es du cuir chevelu<\/span><\/div>\r\n<div><span style=\"color: #252525;\">D\u00e9mangeaison<\/span><\/div>\r\n<div><span style=\"color: #252525;\">Inflammation et infection des follicules pileux, appel\u00e9e folliculite<\/span><\/div>\r\n\r\n\t\t<\/div>\n\t\t\t\t\t<\/div>\n\n\t\r\n\r\n\n<style>\n#row-476115372 > .col > .col-inner {\n  padding: 30px 0px 0px 0px;\n}\n<\/style>\n<\/div>\r\n\t<section class=\"section dark\" id=\"section_1146354330\">\n\t\t<div class=\"bg section-bg fill bg-fill  bg-loaded\" >\n\n\t\t\t\n\t\t\t\n\t\t\t\n\n\t\t<\/div>\n\n\t\t\n\n\t\t<div class=\"section-content relative\">\n\t\t\t\r\n\r\n<div class=\"row align-center\"  id=\"row-1692251788\">\r\n\r\n\n\t<div id=\"col-1422773474\" class=\"col medium-10 small-12 large-10\"  >\n\t\t\t\t<div class=\"col-inner text-center\"  >\n\t\t\t\n\t\t\t\r\n\r\n<h2 data-line-height=\"xs\">Obtenez une analyse capillaire gratuite !<\/h2>\r\n<p data-line-height=\"m\">Si vous souhaitez r\u00e9server une analyse capillaire gratuite, remplissez simplement le formulaire. Nous vous r\u00e9pondrons dans les plus brefs d\u00e9lais.<\/p>\r\n\r\n\n<div class=\"wpcf7 no-js\" id=\"wpcf7-f225-o2\" lang=\"en-US\" dir=\"ltr\" data-wpcf7-id=\"225\">\n<div class=\"screen-reader-response\"><p role=\"status\" aria-live=\"polite\" aria-atomic=\"true\"><\/p> <ul><\/ul><\/div>\n<form action=\"\/fr\/wp-json\/wp\/v2\/pages\/74#wpcf7-f225-o2\" method=\"post\" class=\"wpcf7-form init\" aria-label=\"Contact form\" novalidate=\"novalidate\" data-status=\"init\">\n<fieldset class=\"hidden-fields-container\"><input type=\"hidden\" name=\"_wpcf7\" value=\"225\" \/><input type=\"hidden\" name=\"_wpcf7_version\" value=\"6.1.5\" \/><input type=\"hidden\" name=\"_wpcf7_locale\" value=\"en_US\" \/><input type=\"hidden\" name=\"_wpcf7_unit_tag\" value=\"wpcf7-f225-o2\" \/><input type=\"hidden\" name=\"_wpcf7_container_post\" value=\"0\" \/><input type=\"hidden\" name=\"_wpcf7_posted_data_hash\" value=\"\" \/>\n<\/fieldset>\n<div class=\"flex-row form-flat medium-flex-wrap\">\n\t<div class=\"flex-col flex-grow\">\n\t\t<p><span class=\"wpcf7-form-control-wrap\" data-name=\"your-text\"><input size=\"40\" maxlength=\"400\" class=\"wpcf7-form-control wpcf7-text wpcf7-validates-as-required\" aria-required=\"true\" aria-invalid=\"false\" placeholder=\"Nom\" value=\"\" type=\"text\" name=\"your-text\" \/><\/span>\n\t\t<\/p>\n\t<\/div>\n\t<div class=\"flex-col flex-grow\">\n\t\t<p><span class=\"wpcf7-form-control-wrap\" data-name=\"your-tel\"><input size=\"40\" maxlength=\"400\" class=\"wpcf7-form-control wpcf7-text wpcf7-validates-as-required\" aria-required=\"true\" aria-invalid=\"false\" placeholder=\"T\u00e9l\u00e9phone\" value=\"\" type=\"text\" name=\"your-tel\" \/><\/span>\n\t\t<\/p>\n\t<\/div>\n\t<div class=\"flex-col flex-grow\">\n\t\t<p><span class=\"wpcf7-form-control-wrap\" data-name=\"your-mail\"><input size=\"40\" maxlength=\"400\" class=\"wpcf7-form-control wpcf7-text wpcf7-validates-as-required\" aria-required=\"true\" aria-invalid=\"false\" placeholder=\"Mail\" value=\"\" type=\"text\" name=\"your-mail\" \/><\/span>\n\t\t<\/p>\n\t<\/div>\n\t<div class=\"flex-col ml-half\">\n\t\t<p><input class=\"wpcf7-form-control wpcf7-submit has-spinner button\" type=\"submit\" value=\"Soumettre\" \/>\n\t\t<\/p>\n\t<\/div>\n<\/div><div class=\"wpcf7-response-output\" aria-hidden=\"true\"><\/div>\n<\/form>\n<\/div>\n\r\n\r\n\r\n\t\t<\/div>\n\t\t\t\t\t<\/div>\n\n\t\r\n\r\n\n<style>\n#row-1692251788 > .col > .col-inner {\n  padding: 10% 0px 0px 0px;\n}\n<\/style>\n<\/div>\r\n\r\n\t\t<\/div>\n\n\t\t\n<style>\n#section_1146354330 {\n  padding-top: 30px;\n  padding-bottom: 30px;\n  background-color: rgb(16, 130, 248);\n}\n<\/style>\n\t<\/section>","protected":false},"excerpt":{"rendered":"","protected":false},"author":1,"featured_media":0,"parent":0,"menu_order":0,"comment_status":"closed","ping_status":"closed","template":"page-blank.php","meta":{"_joinchat":[],"footnotes":""},"class_list":["post-74","page","type-page","status-publish","hentry"],"_links":{"self":[{"href":"https:\/\/www.hairclinicbelgium.be\/fr\/wp-json\/wp\/v2\/pages\/74","targetHints":{"allow":["GET"]}}],"collection":[{"href":"https:\/\/www.hairclinicbelgium.be\/fr\/wp-json\/wp\/v2\/pages"}],"about":[{"href":"https:\/\/www.hairclinicbelgium.be\/fr\/wp-json\/wp\/v2\/types\/page"}],"author":[{"embeddable":true,"href":"https:\/\/www.hairclinicbelgium.be\/fr\/wp-json\/wp\/v2\/users\/1"}],"replies":[{"embeddable":true,"href":"https:\/\/www.hairclinicbelgium.be\/fr\/wp-json\/wp\/v2\/comments?post=74"}],"version-history":[{"count":16,"href":"https:\/\/www.hairclinicbelgium.be\/fr\/wp-json\/wp\/v2\/pages\/74\/revisions"}],"predecessor-version":[{"id":283,"href":"https:\/\/www.hairclinicbelgium.be\/fr\/wp-json\/wp\/v2\/pages\/74\/revisions\/283"}],"wp:attachment":[{"href":"https:\/\/www.hairclinicbelgium.be\/fr\/wp-json\/wp\/v2\/media?parent=74"}],"curies":[{"name":"wp","href":"https:\/\/api.w.org\/{rel}","templated":true}]}}